
{"id":12312,"date":"2025-04-22T05:03:37","date_gmt":"2025-04-22T11:03:37","guid":{"rendered":"https:\/\/tulotero.com\/politica-de-privacidad\/"},"modified":"2025-06-27T04:29:01","modified_gmt":"2025-06-27T10:29:01","slug":"privacy-policy","status":"publish","type":"page","link":"https:\/\/tulotero.com\/es\/privacy-policy\/","title":{"rendered":"Pol\u00edtica de privacidad"},"content":{"rendered":"<div class=\"fusion-fullwidth fullwidth-box fusion-builder-row-1 fusion-flex-container nonhundred-percent-fullwidth non-hundred-percent-height-scrolling\" style=\"background-color: rgba(255,255,255,0);background-position: center center;background-repeat: no-repeat;border-width: 0px 0px 0px 0px;border-color:#e2e2e2;border-style:solid;\" ><div class=\"fusion-builder-row fusion-row fusion-flex-align-items-flex-start\" style=\"max-width:104%;margin-left: calc(-4% \/ 2 );margin-right: calc(-4% \/ 2 );\"><div class=\"fusion-layout-column fusion_builder_column fusion-builder-column-0 fusion_builder_column_1_1 1_1 fusion-flex-column\"><div class=\"fusion-column-wrapper fusion-flex-justify-content-flex-start fusion-content-layout-column\" style=\"background-position:left top;background-repeat:no-repeat;-webkit-background-size:cover;-moz-background-size:cover;-o-background-size:cover;background-size:cover;padding: 0px 0px 0px 0px;\"><div class=\"fusion-text fusion-text-1\"><h3 class=\"p1\"><b>Introducci\u00f3n<\/b><\/h3>\n<p class=\"p1\">Esta Pol\u00edtica de Privacidad describe c\u00f3mo <b>TuLotero USA CORP.<\/b> (\u00abTuLotero\u00bb, \u00abnosotros\u00bb, \u00abnuestro\u00bb o \u00abnos\u00bb) recopila, utiliza, divulga y protege tu informaci\u00f3n personal cuando accedes o utilizas el sitio web y la aplicaci\u00f3n m\u00f3vil de TuLotero (\u00abSitio\u00bb y \u00abAplicaci\u00f3n\u00bb).<\/p>\n<p class=\"p1\">Al acceder o utilizar nuestro Sitio o App, aceptas los t\u00e9rminos descritos en esta Pol\u00edtica de Privacidad y en nuestras Condiciones de Servicio. Si no est\u00e1s de acuerdo, no utilices nuestro servicio. <\/p>\n<h3 class=\"p1\">1. Informaci\u00f3n que recogemos<\/h3>\n<p class=\"p1\">Podemos recoger los siguientes tipos de informaci\u00f3n:<\/p>\n<ul>\n<li class=\"p1\"><b>Informaci\u00f3n personal identificable (IPI):<\/b> como tu nombre, direcci\u00f3n de correo electr\u00f3nico, n\u00famero de tel\u00e9fono, direcci\u00f3n postal y documento de identidad expedido por el gobierno.<\/li>\n<li class=\"p1\"><b>Credenciales de la cuenta:<\/b> tu nombre de usuario y contrase\u00f1a.<\/li>\n<li class=\"p1\"><b>Datos bancarios y de pago:<\/b> incluidos los datos de la ACH o de la tarjeta.<\/li>\n<li class=\"p1\"><b>Datos de uso:<\/b> incluido el historial de interacci\u00f3n con juegos, entradas, transacciones de monedero y notificaciones.<\/li>\n<li class=\"p1\"><b>Datos de ubicaci\u00f3n: <\/b>Tu ubicaci\u00f3n en el momento de jugar.<\/li>\n<li class=\"p1\"><b>Interacciones con el Servicio de Atenci\u00f3n al Cliente:<\/b> Incluyendo historial de llamadas, grabaciones de llamadas, comunicaciones de texto<\/li>\n<\/ul>\n<h3 class=\"p1\">2. C\u00f3mo utilizamos tu informaci\u00f3n<\/h3>\n<p class=\"p1\">Utilizamos la informaci\u00f3n recogida para los siguientes fines:<\/p>\n<ul>\n<li class=\"p1\">Para crear y gestionar tu Cuenta TuLotero.<\/li>\n<li class=\"p1\">Para facilitar la compra de billetes de loter\u00eda y la distribuci\u00f3n de premios.<\/li>\n<li class=\"p1\">Para verificar tu identidad y validar las solicitudes de premios.<\/li>\n<li class=\"p1\">Para cumplir con las obligaciones legales, incluidos los requisitos fiscales y antifraude.<\/li>\n<li class=\"p1\">Para responder a las consultas de los usuarios y a las solicitudes de asistencia.<\/li>\n<li class=\"p1\">Para comunicarnos contigo mediante notificaciones y correos electr\u00f3nicos transaccionales.<\/li>\n<\/ul>\n<h3 class=\"p1\">3. Divulgaci\u00f3n de informaci\u00f3n personal<\/h3>\n<p class=\"p1\">Podemos revelar tu informaci\u00f3n:<\/p>\n<ul>\n<li class=\"p1\">A los vendedores de loter\u00eda autorizados para procesar y cumplir los pedidos.<\/li>\n<li class=\"p1\">A entidades gubernamentales de Loter\u00eda para verificar y pagar los premios.<\/li>\n<li class=\"p1\">A las autoridades policiales o judiciales previa solicitud v\u00e1lida.<\/li>\n<li class=\"p1\">A terceros proveedores de servicios implicados en el procesamiento de pagos o comunicaciones.<\/li>\n<\/ul>\n<h3 class=\"p1\">4. Responsabilidades del usuario<\/h3>\n<p class=\"p1\">Eres responsable de:<\/p>\n<ul>\n<li class=\"p1\">Mantener la confidencialidad de tus credenciales de acceso.<\/li>\n<li class=\"p1\">Garantizar que tus datos personales son exactos y est\u00e1n actualizados.<\/li>\n<li class=\"p1\">Notificar inmediatamente a TuLotero si la seguridad de tu cuenta se ve comprometida.<\/li>\n<\/ul>\n<h3 class=\"p1\">5. Comunicaciones y confidencialidad<\/h3>\n<p class=\"p1\">Aunque nos esforzamos por proteger la privacidad de los usuarios, no podemos garantizar la confidencialidad de las comunicaciones realizadas a trav\u00e9s de Internet, incluidos los env\u00edos por correo electr\u00f3nico.<\/p>\n<p class=\"p1\">A menos que se env\u00eden a trav\u00e9s de una secci\u00f3n segura de nuestro Sitio o App, las comunicaciones (por ejemplo, sugerencias, comentarios) no se consideran confidenciales y pueden ser utilizadas por TuLotero sin restricciones.<\/p>\n<h3 class=\"p1\">6. Privacidad en las reclamaciones colectivas y de grandes premios<\/h3>\n<p class=\"p1\">Al reclamar premios de grupo o ganancias que superen determinados umbrales:<\/p>\n<ul>\n<li class=\"p1\">Podemos requerir y compartir tu n\u00famero de identificaci\u00f3n gubernamental y de la Seguridad Social con entidades de loter\u00eda.<\/li>\n<li class=\"p1\">TuLotero puede reclamarte y distribuirte ganancias en tu nombre con la debida autorizaci\u00f3n.<\/li>\n<\/ul>\n<h3 class=\"p1\">7. Sitios web de terceros<\/h3>\n<p class=\"p1\">Nuestro Sitio y App pueden incluir enlaces a sitios web externos. TuLotero no es responsable del contenido ni de las pr\u00e1cticas de privacidad de esos sitios de terceros. <\/p>\n<h3 class=\"p1\">8. Actualizaciones de la Pol\u00edtica de Privacidad<\/h3>\n<p class=\"p1\">Nos reservamos el derecho a actualizar o modificar esta Pol\u00edtica de Privacidad en cualquier momento. Cualquier cambio entrar\u00e1 en vigor en el momento de su publicaci\u00f3n. Tu uso continuado del Sitio o de la App constituye la aceptaci\u00f3n de la pol\u00edtica actualizada.  <\/p>\n<h3>9. Gesti\u00f3n de la informaci\u00f3n personal<\/h3>\n<p class=\"p1\">Puedes revisar o modificar tu informaci\u00f3n personal en la configuraci\u00f3n de tu cuenta. Tambi\u00e9n puedes solicitar tu informaci\u00f3n personal almacenada por TuLotero o solicitar la eliminaci\u00f3n de toda tu informaci\u00f3n personal poni\u00e9ndote en contacto con nosotros a trav\u00e9s de los m\u00e9todos establecidos en la secci\u00f3n \u00abContacto\u00bb de este documento. <\/p>\n<h3 class=\"p1\">10. Contacta con nosotros<\/h3>\n<p class=\"p1\">Para cualquier pregunta o duda sobre tu privacidad, ponte en contacto con nosotros en<\/p>\n<p class=\"p2\"><span class=\"s1\"><b>Correo electr\u00f3nico:<\/b> <\/span>contact@tulotero.com<\/p>\n<p class=\"p1\"><b>Tel\u00e9fono:<\/b> 1 833-856-8376<\/p>\n<p class=\"p1\">Para m\u00e1s informaci\u00f3n, consulta nuestras Condiciones del servicio disponibles en: <span class=\"s2\">www.tulotero.com<\/span><\/p>\n<\/div><\/div><style type=\"text\/css\">.fusion-body .fusion-builder-column-0{width:100% !important;margin-top : 0px;margin-bottom : 20px;}.fusion-builder-column-0 > .fusion-column-wrapper {padding-top : 0px !important;padding-right : 0px !important;margin-right : 1.92%;padding-bottom : 0px !important;padding-left : 0px !important;margin-left : 1.92%;}@media only screen and (max-width:989px) {.fusion-body .fusion-builder-column-0{width:100% !important;order : 0;}.fusion-builder-column-0 > .fusion-column-wrapper {margin-right : 1.92%;margin-left : 1.92%;}}@media only screen and (max-width:640px) {.fusion-body .fusion-builder-column-0{width:100% !important;order : 0;}.fusion-builder-column-0 > .fusion-column-wrapper {margin-right : 1.92%;margin-left : 1.92%;}}<\/style><\/div><\/div><style type=\"text\/css\">.fusion-body .fusion-flex-container.fusion-builder-row-1{ padding-top : 0px;margin-top : 0px;padding-right : 30px;padding-bottom : 0px;margin-bottom : 0px;padding-left : 30px;}<\/style><\/div>\n","protected":false},"excerpt":{"rendered":"","protected":false},"author":1,"featured_media":0,"parent":0,"menu_order":0,"comment_status":"closed","ping_status":"closed","template":"","meta":{"footnotes":""},"class_list":["post-12312","page","type-page","status-publish","hentry"],"yoast_head":"<!-- This site is optimized with the Yoast SEO plugin v20.9 - https:\/\/yoast.com\/wordpress\/plugins\/seo\/ -->\n<title>Pol\u00edtica de privacidad - Tulotero United States<\/title>\n<meta name=\"robots\" content=\"index, follow, max-snippet:-1, max-image-preview:large, max-video-preview:-1\" \/>\n<link rel=\"canonical\" href=\"https:\/\/tulotero.com\/es\/privacy-policy\/\" \/>\n<meta property=\"og:locale\" content=\"es_ES\" \/>\n<meta property=\"og:type\" content=\"article\" \/>\n<meta property=\"og:title\" content=\"Pol\u00edtica de privacidad - Tulotero United States\" \/>\n<meta property=\"og:url\" content=\"https:\/\/tulotero.com\/es\/privacy-policy\/\" \/>\n<meta property=\"og:site_name\" content=\"Tulotero United States\" \/>\n<meta property=\"article:publisher\" content=\"https:\/\/facebook.com\/tuloteroUSA\" \/>\n<meta property=\"article:modified_time\" content=\"2025-06-27T10:29:01+00:00\" \/>\n<meta property=\"og:image\" content=\"https:\/\/tulotero.com\/wp-content\/uploads\/2024\/10\/card.png\" \/>\n\t<meta property=\"og:image:width\" content=\"800\" \/>\n\t<meta property=\"og:image:height\" content=\"418\" \/>\n\t<meta property=\"og:image:type\" content=\"image\/png\" \/>\n<meta name=\"twitter:card\" content=\"summary_large_image\" \/>\n<meta name=\"twitter:site\" content=\"@TuLoteroUSA\" \/>\n<meta name=\"twitter:label1\" content=\"Tiempo de lectura\" \/>\n\t<meta name=\"twitter:data1\" content=\"7 minutos\" \/>\n<script type=\"application\/ld+json\" class=\"yoast-schema-graph\">{\"@context\":\"https:\/\/schema.org\",\"@graph\":[{\"@type\":\"WebPage\",\"@id\":\"https:\/\/tulotero.com\/es\/privacy-policy\/\",\"url\":\"https:\/\/tulotero.com\/es\/privacy-policy\/\",\"name\":\"Pol\u00edtica de privacidad - Tulotero United States\",\"isPartOf\":{\"@id\":\"https:\/\/tulotero.com\/es\/#website\"},\"datePublished\":\"2025-04-22T11:03:37+00:00\",\"dateModified\":\"2025-06-27T10:29:01+00:00\",\"breadcrumb\":{\"@id\":\"https:\/\/tulotero.com\/es\/privacy-policy\/#breadcrumb\"},\"inLanguage\":\"es\",\"potentialAction\":[{\"@type\":\"ReadAction\",\"target\":[\"https:\/\/tulotero.com\/es\/privacy-policy\/\"]}]},{\"@type\":\"BreadcrumbList\",\"@id\":\"https:\/\/tulotero.com\/es\/privacy-policy\/#breadcrumb\",\"itemListElement\":[{\"@type\":\"ListItem\",\"position\":1,\"name\":\"Home\",\"item\":\"https:\/\/tulotero.com\/es\/\"},{\"@type\":\"ListItem\",\"position\":2,\"name\":\"Pol\u00edtica de privacidad\"}]},{\"@type\":\"WebSite\",\"@id\":\"https:\/\/tulotero.com\/es\/#website\",\"url\":\"https:\/\/tulotero.com\/es\/\",\"name\":\"Tulotero United States\",\"description\":\"TuLotero - App for playing lottery games\",\"publisher\":{\"@id\":\"https:\/\/tulotero.com\/es\/#organization\"},\"alternateName\":\"TuLotero\",\"potentialAction\":[{\"@type\":\"SearchAction\",\"target\":{\"@type\":\"EntryPoint\",\"urlTemplate\":\"https:\/\/tulotero.com\/es\/?s={search_term_string}\"},\"query-input\":\"required name=search_term_string\"}],\"inLanguage\":\"es\"},{\"@type\":\"Organization\",\"@id\":\"https:\/\/tulotero.com\/es\/#organization\",\"name\":\"TuLotero\",\"url\":\"https:\/\/tulotero.com\/es\/\",\"logo\":{\"@type\":\"ImageObject\",\"inLanguage\":\"es\",\"@id\":\"https:\/\/tulotero.com\/es\/#\/schema\/logo\/image\/\",\"url\":\"https:\/\/tulotero.com\/wp-content\/uploads\/2024\/10\/card.png\",\"contentUrl\":\"https:\/\/tulotero.com\/wp-content\/uploads\/2024\/10\/card.png\",\"width\":800,\"height\":418,\"caption\":\"TuLotero\"},\"image\":{\"@id\":\"https:\/\/tulotero.com\/es\/#\/schema\/logo\/image\/\"},\"sameAs\":[\"https:\/\/facebook.com\/tuloteroUSA\",\"https:\/\/twitter.com\/TuLoteroUSA\",\"https:\/\/tiktok.com\/@tuloterousa\",\"https:\/\/instagram.com\/tuloteroUSA\"]}]}<\/script>\n<!-- \/ Yoast SEO plugin. -->","yoast_head_json":{"title":"Pol\u00edtica de privacidad - Tulotero United States","robots":{"index":"index","follow":"follow","max-snippet":"max-snippet:-1","max-image-preview":"max-image-preview:large","max-video-preview":"max-video-preview:-1"},"canonical":"https:\/\/tulotero.com\/es\/privacy-policy\/","og_locale":"es_ES","og_type":"article","og_title":"Pol\u00edtica de privacidad - Tulotero United States","og_url":"https:\/\/tulotero.com\/es\/privacy-policy\/","og_site_name":"Tulotero United States","article_publisher":"https:\/\/facebook.com\/tuloteroUSA","article_modified_time":"2025-06-27T10:29:01+00:00","og_image":[{"width":800,"height":418,"url":"https:\/\/tulotero.com\/wp-content\/uploads\/2024\/10\/card.png","type":"image\/png"}],"twitter_card":"summary_large_image","twitter_site":"@TuLoteroUSA","twitter_misc":{"Tiempo de lectura":"7 minutos"},"schema":{"@context":"https:\/\/schema.org","@graph":[{"@type":"WebPage","@id":"https:\/\/tulotero.com\/es\/privacy-policy\/","url":"https:\/\/tulotero.com\/es\/privacy-policy\/","name":"Pol\u00edtica de privacidad - Tulotero United States","isPartOf":{"@id":"https:\/\/tulotero.com\/es\/#website"},"datePublished":"2025-04-22T11:03:37+00:00","dateModified":"2025-06-27T10:29:01+00:00","breadcrumb":{"@id":"https:\/\/tulotero.com\/es\/privacy-policy\/#breadcrumb"},"inLanguage":"es","potentialAction":[{"@type":"ReadAction","target":["https:\/\/tulotero.com\/es\/privacy-policy\/"]}]},{"@type":"BreadcrumbList","@id":"https:\/\/tulotero.com\/es\/privacy-policy\/#breadcrumb","itemListElement":[{"@type":"ListItem","position":1,"name":"Home","item":"https:\/\/tulotero.com\/es\/"},{"@type":"ListItem","position":2,"name":"Pol\u00edtica de privacidad"}]},{"@type":"WebSite","@id":"https:\/\/tulotero.com\/es\/#website","url":"https:\/\/tulotero.com\/es\/","name":"Tulotero United States","description":"TuLotero - App for playing lottery games","publisher":{"@id":"https:\/\/tulotero.com\/es\/#organization"},"alternateName":"TuLotero","potentialAction":[{"@type":"SearchAction","target":{"@type":"EntryPoint","urlTemplate":"https:\/\/tulotero.com\/es\/?s={search_term_string}"},"query-input":"required name=search_term_string"}],"inLanguage":"es"},{"@type":"Organization","@id":"https:\/\/tulotero.com\/es\/#organization","name":"TuLotero","url":"https:\/\/tulotero.com\/es\/","logo":{"@type":"ImageObject","inLanguage":"es","@id":"https:\/\/tulotero.com\/es\/#\/schema\/logo\/image\/","url":"https:\/\/tulotero.com\/wp-content\/uploads\/2024\/10\/card.png","contentUrl":"https:\/\/tulotero.com\/wp-content\/uploads\/2024\/10\/card.png","width":800,"height":418,"caption":"TuLotero"},"image":{"@id":"https:\/\/tulotero.com\/es\/#\/schema\/logo\/image\/"},"sameAs":["https:\/\/facebook.com\/tuloteroUSA","https:\/\/twitter.com\/TuLoteroUSA","https:\/\/tiktok.com\/@tuloterousa","https:\/\/instagram.com\/tuloteroUSA"]}]}},"_links":{"self":[{"href":"https:\/\/tulotero.com\/es\/wp-json\/wp\/v2\/pages\/12312","targetHints":{"allow":["GET"]}}],"collection":[{"href":"https:\/\/tulotero.com\/es\/wp-json\/wp\/v2\/pages"}],"about":[{"href":"https:\/\/tulotero.com\/es\/wp-json\/wp\/v2\/types\/page"}],"author":[{"embeddable":true,"href":"https:\/\/tulotero.com\/es\/wp-json\/wp\/v2\/users\/1"}],"replies":[{"embeddable":true,"href":"https:\/\/tulotero.com\/es\/wp-json\/wp\/v2\/comments?post=12312"}],"version-history":[{"count":2,"href":"https:\/\/tulotero.com\/es\/wp-json\/wp\/v2\/pages\/12312\/revisions"}],"predecessor-version":[{"id":12315,"href":"https:\/\/tulotero.com\/es\/wp-json\/wp\/v2\/pages\/12312\/revisions\/12315"}],"wp:attachment":[{"href":"https:\/\/tulotero.com\/es\/wp-json\/wp\/v2\/media?parent=12312"}],"curies":[{"name":"wp","href":"https:\/\/api.w.org\/{rel}","templated":true}]}}